{"id":498,"date":"2012-01-27T14:59:38","date_gmt":"2012-01-27T14:59:38","guid":{"rendered":"http:\/\/espressomd.org\/wordpress\/?page_id=498"},"modified":"2023-05-26T18:40:47","modified_gmt":"2023-05-26T17:40:47","slug":"publications","status":"publish","type":"page","link":"https:\/\/espressomd.org\/wordpress\/about\/publications\/","title":{"rendered":"Publications"},"content":{"rendered":"<h2>Cover Issues<\/h2>\n<p><span class=\"espresso\">ESPResSo<\/span>-related publications that made it on a cover:<\/p>\n<p><a href=\"https:\/\/espressomd.org\/wordpress\/wp-content\/uploads\/2023\/05\/cover-Landsgesell-2022-Macromolecules.jpg\"><img decoding=\"async\" style=\"border: 1px solid black; margin-left: 2em;\" src=\"https:\/\/espressomd.org\/wordpress\/wp-content\/uploads\/2023\/05\/cover-Landsgesell-2022-Macromolecules-thumbnail.jpg\" alt=\"\" width=\"160\" align=\"right\"\/><\/a><\/p>\n<ul>\n<li><strong>Title:<\/strong><br \/>\nThe pH-dependent swelling of weak polyelectrolyte hydrogels modeled at different levels of resolution<\/li>\n<li><strong>Authors:<\/strong><br \/>\nJonas Landsgesell, David Beyer, Pascal Hebbeker, Peter Ko\u0161ovan, Christian Holm<\/li>\n<li><strong>Source:<\/strong><br \/>\nMacromolecules<\/li>\n<li><strong>DOI:<\/strong><a href=\"https:\/\/doi.org\/10.1021\/acs.macromol.1c02489\">10.1021\/acs.macromol.1c02489<\/a><\/li>\n<li><strong>Published:<\/strong> 2022<\/li>\n<\/ul>\n<hr style=\"color: #e6e6e6;\"\/>\n<p><a href=\"https:\/\/espressomd.org\/wordpress\/wp-content\/uploads\/2023\/05\/cover-Kosovan-2017-Soft-Matter.jpg\"><img decoding=\"async\" style=\"border: 1px solid black; margin-left: 2em;\" src=\"https:\/\/espressomd.org\/wordpress\/wp-content\/uploads\/2023\/05\/cover-Kosovan-2017-Soft-Matter-thumbnail.jpg\" alt=\"\" width=\"160\" align=\"right\"\/><\/a><\/p>\n<ul>\n<li><strong>Title:<\/strong><br \/>\nA self-consistent mean-field model for polyelectrolyte gels<\/li>\n<li><strong>Authors:<\/strong><br \/>\nOleg Rud, Tobias Richter, Oleg Borisov, Christian Holm, Peter Ko\u0161ovan<\/li>\n<li><strong>Source:<\/strong><br \/>\nSoft Matter<\/li>\n<li><strong>DOI:<\/strong><a href=\"https:\/\/doi.org\/10.1039\/C6SM02825J\">10.1039\/C6SM02825J<\/a><\/li>\n<li><strong>Published:<\/strong> 2017<\/li>\n<\/ul>\n<hr style=\"color: #e6e6e6;\"\/>\n<p><a href=\"https:\/\/espressomd.org\/wordpress\/wp-content\/uploads\/2023\/05\/cover-Mann-2011-Macromolecular-Theory-Simulations.jpg\"><img decoding=\"async\" style=\"border: 1px solid black; margin-left: 2em;\" src=\"https:\/\/espressomd.org\/wordpress\/wp-content\/uploads\/2023\/05\/cover-Mann-2011-Macromolecular-Theory-Simulations-thumbnail.jpg\" alt=\"\" width=\"160\" align=\"right\"\/><\/a><\/p>\n<ul>\n<li><strong>Title:<\/strong><br \/>\nHydrogels in poor solvent &#8211; A molecular dynamics study<\/li>\n<li><strong>Authors:<\/strong><br \/>\nBernward A. F. Mann, Kurt Kremer, Olaf Lenz, Christian Holm<\/li>\n<li><strong>Source:<\/strong><br \/>\nMacromolecular Theory and Simulations<\/li>\n<li><strong>DOI:<\/strong><a href=\"https:\/\/doi.org\/10.1002\/mats.201100050\">10.1002\/mats.201100050<\/a><\/li>\n<li><strong>Published:<\/strong> 2011<\/li>\n<\/ul>\n<hr style=\"color: #e6e6e6;\"\/>\n<p><a href=\"https:\/\/espressomd.org\/wordpress\/wp-content\/uploads\/2023\/05\/cover-Kosovan-2010-Soft-Matter.jpg\"><img decoding=\"async\" style=\"border: 1px solid black; margin-left: 2em;\" src=\"https:\/\/espressomd.org\/wordpress\/wp-content\/uploads\/2023\/05\/cover-Kosovan-2010-Soft-Matter-thumbnail.jpg\" alt=\"\" width=\"160\" align=\"right\"\/><\/a><\/p>\n<ul>\n<li><strong>Title:<\/strong><br \/>\nMolecular dynamics simulations of a polyelectrolyte star in poor solvent<\/li>\n<li><strong>Authors:<\/strong><br \/>\nPeter Ko\u0161ovan, Jitka Kuldov\u00e1, Zuzana Limpouchov\u00e1, Karel Proch\u00e1zka, Ekaterina B. Zhulinab, Oleg V. Borisov<\/li>\n<li><strong>Source:<\/strong><br \/>\n<em>Soft Matter<\/em> Volume: 6 Issue: 9 Pages: 1872-1874<\/li>\n<li><strong>DOI:<\/strong> <a href=\"https:\/\/doi.org\/10.1039\/B925067K\">10.1039\/b925067k<\/a><\/li>\n<li><strong>Published:<\/strong> 2010<\/li>\n<\/ul>\n<hr style=\"color: #e6e6e6;\"\/>\n<p><a href=\"https:\/\/espressomd.org\/wordpress\/wp-content\/uploads\/2023\/05\/cover-Reynwar-2007-Nature.jpg\"><img decoding=\"async\" style=\"border: 1px solid black; margin-left: 2em;\" src=\"https:\/\/espressomd.org\/wordpress\/wp-content\/uploads\/2023\/05\/cover-Reynwar-2007-Nature-thumbnail.jpg\" alt=\"\" width=\"160\" align=\"right\"\/><\/a><\/p>\n<ul>\n<li><strong>Title:<\/strong><br \/>\nAggregation and vesiculation of membrane proteins by curvature-mediated<br \/>\ninteractions<\/li>\n<li><strong>Authors:<\/strong><br \/>\nBenedict J. Reynwar, Gregoria Illya, Vagelis A. Harmandaris, Martin M. M\u00fcller, Kurt Kremer, Markus Deserno<\/li>\n<li><strong>Source:<\/strong><br \/>\n<em>Nature<\/em> Volume: 447 Pages: 461-464 Number: 7143<\/li>\n<li><strong>DOI: <\/strong><a href=\"https:\/\/doi.org\/10.1038\/nature05840\">10.1038\/nature05840<\/a><\/li>\n<li><strong>Published:<\/strong> 2007<\/li>\n<\/ul>\n","protected":false},"excerpt":{"rendered":"<p>Cover Issues ESPResSo-related publications that made it on a cover: Title: The pH-dependent swelling of weak polyelectrolyte hydrogels modeled at different levels of resolution Authors: Jonas Landsgesell, David Beyer, Pascal Hebbeker, Peter Ko\u0161ovan, Christian Holm Source: Macromolecules DOI:10.1021\/acs.macromol.1c02489 Published: 2022 Title: A self-consistent mean-field model for polyelectrolyte gels Authors: Oleg Rud, Tobias Richter, Oleg Borisov, &hellip; <\/p>\n<p><a class=\"more-link btn\" href=\"https:\/\/espressomd.org\/wordpress\/about\/publications\/\">Continue reading<\/a><\/p>\n","protected":false},"author":6,"featured_media":637,"parent":389,"menu_order":6,"comment_status":"open","ping_status":"closed","template":"","meta":{"footnotes":""},"class_list":["post-498","page","type-page","status-publish","has-post-thumbnail","hentry","nodate","item-wrap"],"_links":{"self":[{"href":"https:\/\/espressomd.org\/wordpress\/wp-json\/wp\/v2\/pages\/498","targetHints":{"allow":["GET"]}}],"collection":[{"href":"https:\/\/espressomd.org\/wordpress\/wp-json\/wp\/v2\/pages"}],"about":[{"href":"https:\/\/espressomd.org\/wordpress\/wp-json\/wp\/v2\/types\/page"}],"author":[{"embeddable":true,"href":"https:\/\/espressomd.org\/wordpress\/wp-json\/wp\/v2\/users\/6"}],"replies":[{"embeddable":true,"href":"https:\/\/espressomd.org\/wordpress\/wp-json\/wp\/v2\/comments?post=498"}],"version-history":[{"count":12,"href":"https:\/\/espressomd.org\/wordpress\/wp-json\/wp\/v2\/pages\/498\/revisions"}],"predecessor-version":[{"id":2215,"href":"https:\/\/espressomd.org\/wordpress\/wp-json\/wp\/v2\/pages\/498\/revisions\/2215"}],"up":[{"embeddable":true,"href":"https:\/\/espressomd.org\/wordpress\/wp-json\/wp\/v2\/pages\/389"}],"wp:featuredmedia":[{"embeddable":true,"href":"https:\/\/espressomd.org\/wordpress\/wp-json\/wp\/v2\/media\/637"}],"wp:attachment":[{"href":"https:\/\/espressomd.org\/wordpress\/wp-json\/wp\/v2\/media?parent=498"}],"curies":[{"name":"wp","href":"https:\/\/api.w.org\/{rel}","templated":true}]}}