{"id":1237,"date":"2015-09-09T15:09:03","date_gmt":"2015-09-09T14:09:03","guid":{"rendered":"http:\/\/espressomd.org\/wordpress\/?page_id=1237"},"modified":"2023-05-26T19:07:38","modified_gmt":"2023-05-26T18:07:38","slug":"impressum","status":"publish","type":"page","link":"https:\/\/espressomd.org\/wordpress\/impressum\/","title":{"rendered":"Impressum"},"content":{"rendered":"<p><b>Adresse<\/b><br \/>\nUniversit\u00e4t Stuttgart<br \/>\nInstitut f\u00fcr Computerphysik<br \/>\nAllmandring 3<br \/>\n70174 Stuttgart<br \/>\nDeutschland<\/p>\n<p><b>Telefon<\/b><br \/>\n+49 (0)711\/685-8-0<\/p>\n<p><b>Fax<\/b><br \/>\n+49 (0)711\/685-8-2113<\/p>\n<p><b>E-mail<\/b><br \/>\npoststelle@uni-stuttgart.de<\/p>\n<p><b>Internet<\/b><br \/>\nwww.uni-stuttgart.de<\/p>\n<p><b>Verantwortlich<\/b><br \/>\nDie Universit\u00e4t Stuttgart ist eine K\u00f6rperschaft des \u00d6ffentlichen Rechts.<br \/>\nSie wird durch den Rektor Univ.-Prof. Dr.-Ing. Wolfram Ressel gesetzlich vertreten.<br \/>\nrektor@uni-stuttgart.de<\/p>\n<p><b>Umsatzsteuer-Identifikationsnummer<\/b><br \/>\ngem\u00e4\u00df \u00a727 a Umsatzsteuergesetz: DE 1477 94 196<\/p>\n<p><b>Externe Links<\/b><br \/>\nDie mit dieser Grafik (<img loading=\"lazy\" decoding=\"async\" alt=\"External-link-ltr-icon.png\" src=\"\/~icp\/mediawiki\/images\/b\/be\/External-link-ltr-icon.png\" style=\"margin-left:4px;margin-right:2px;\" width=\"10\" height=\"10\"\/>) gekennzeichneten Links verweisen auf weitervermittelte Inhalte, die sich die Universit\u00e4t Stuttgart nicht zu eigen macht. Die Verantwortlichkeit liegt beim jeweiligen externen Anbieter (siehe Impressum &#8211; Anbieterkennzeichnung).<\/p>\n<p>Die externen Inhalte wurden beim Setzen des Links gepr\u00fcft. Es ist nicht auszuschlie\u00dfen, dass die Inhalte im Nachhinein von den jeweiligen Anbietern ver\u00e4ndert werden. Sollten Sie der Ansicht sein, dass die verlinkten externen Seiten gegen geltendes Recht versto\u00dfen oder sonst unangemessene Inhalte haben, so teilen Sie uns dies bitte mit.<\/p>\n<p><b>IT-Sicherheit<\/b><br \/>\nM\u00f6chten Sie sich \u00fcber unsere IT-Sicherheit informieren, wenden Sie sich bitte an die <a href=\"https:\/\/cert.uni-stuttgart.de\/about\">Stabsstelle Informationssicherheit (RUS-CERT)<\/a>.<\/p>\n<p><b>Ansprechpartner\/Adresse Institut<\/b><br \/>\nInstitute for Computational Physics<br \/>\nAllmandring 3<br \/>\n70569 Stuttgart<br \/>\nDeutschland<\/p>\n","protected":false},"excerpt":{"rendered":"<p>Adresse Universit\u00e4t Stuttgart Institut f\u00fcr Computerphysik Allmandring 3 70174 Stuttgart Deutschland Telefon +49 (0)711\/685-8-0 Fax +49 (0)711\/685-8-2113 E-mail poststelle@uni-stuttgart.de Internet www.uni-stuttgart.de Verantwortlich Die Universit\u00e4t Stuttgart ist eine K\u00f6rperschaft des \u00d6ffentlichen Rechts. Sie wird durch den Rektor Univ.-Prof. Dr.-Ing. Wolfram Ressel gesetzlich vertreten. rektor@uni-stuttgart.de Umsatzsteuer-Identifikationsnummer gem\u00e4\u00df \u00a727 a Umsatzsteuergesetz: DE 1477 94 196 Externe Links Die &hellip; <\/p>\n<p><a class=\"more-link btn\" href=\"https:\/\/espressomd.org\/wordpress\/impressum\/\">Continue reading<\/a><\/p>\n","protected":false},"author":2,"featured_media":0,"parent":0,"menu_order":0,"comment_status":"closed","ping_status":"open","template":"","meta":{"footnotes":""},"class_list":["post-1237","page","type-page","status-publish","hentry","nodate","item-wrap"],"_links":{"self":[{"href":"https:\/\/espressomd.org\/wordpress\/wp-json\/wp\/v2\/pages\/1237","targetHints":{"allow":["GET"]}}],"collection":[{"href":"https:\/\/espressomd.org\/wordpress\/wp-json\/wp\/v2\/pages"}],"about":[{"href":"https:\/\/espressomd.org\/wordpress\/wp-json\/wp\/v2\/types\/page"}],"author":[{"embeddable":true,"href":"https:\/\/espressomd.org\/wordpress\/wp-json\/wp\/v2\/users\/2"}],"replies":[{"embeddable":true,"href":"https:\/\/espressomd.org\/wordpress\/wp-json\/wp\/v2\/comments?post=1237"}],"version-history":[{"count":5,"href":"https:\/\/espressomd.org\/wordpress\/wp-json\/wp\/v2\/pages\/1237\/revisions"}],"predecessor-version":[{"id":2219,"href":"https:\/\/espressomd.org\/wordpress\/wp-json\/wp\/v2\/pages\/1237\/revisions\/2219"}],"wp:attachment":[{"href":"https:\/\/espressomd.org\/wordpress\/wp-json\/wp\/v2\/media?parent=1237"}],"curies":[{"name":"wp","href":"https:\/\/api.w.org\/{rel}","templated":true}]}}